{"id":227,"date":"2023-05-18T03:06:44","date_gmt":"2023-05-18T03:06:44","guid":{"rendered":"https:\/\/crew.worldphotographiccup.org\/france\/?page_id=227"},"modified":"2023-06-05T15:45:09","modified_gmt":"2023-06-05T15:45:09","slug":"welcome-national-crews","status":"publish","type":"page","link":"https:\/\/crew.worldphotographiccup.org\/france\/welcome-national-crews\/","title":{"rendered":"\u00c9quipe Nationale"},"content":{"rendered":"\n<blockquote class=\"wp-block-quote is-layout-flow wp-block-quote-is-layout-flow\">\n<p>Cr\u00e9er des amiti\u00e9s et unir les photographes professionnels du monde entier.<\/p>\n<\/blockquote>\n\n\n\n<div class=\"wp-block-cover has-parallax has-custom-content-position is-position-bottom-left wp-duotone-unset-1\" style=\"min-height:745px;aspect-ratio:unset;\"><span aria-hidden=\"true\" class=\"wp-block-cover__background has-background-dim\"><\/span><div role=\"img\" class=\"wp-block-cover__image-background wp-image-516 has-parallax\" style=\"background-position:50% 50%;background-image:url(https:\/\/crew.worldphotographiccup.org\/france\/wp-content\/uploads\/sites\/17\/2023\/06\/MPPF2015-0023.jpg)\"><\/div><div class=\"wp-block-cover__inner-container is-layout-flow wp-block-cover-is-layout-flow\">\n<h1 class=\"wp-block-heading has-text-align-center has-medium-font-size\" style=\"font-style:normal;font-weight:400\">\u00a9 Sylvie Lezier, France<\/h1>\n<\/div><\/div>\n\n\n\n<blockquote class=\"wp-block-quote is-layout-flow wp-block-quote-is-layout-flow\">\n<p class=\"has-text-align-center\"><img loading=\"lazy\" decoding=\"async\" width=\"3692\" height=\"1380\" class=\"wp-image-461\" style=\"width: 350px\" src=\"https:\/\/crew.worldphotographiccup.org\/france\/wp-content\/uploads\/sites\/17\/2023\/06\/Logo_WPC_France_G-2.png\" alt=\"\" srcset=\"https:\/\/crew.worldphotographiccup.org\/france\/wp-content\/uploads\/sites\/17\/2023\/06\/Logo_WPC_France_G-2.png 3692w, https:\/\/crew.worldphotographiccup.org\/france\/wp-content\/uploads\/sites\/17\/2023\/06\/Logo_WPC_France_G-2-300x112.png 300w, https:\/\/crew.worldphotographiccup.org\/france\/wp-content\/uploads\/sites\/17\/2023\/06\/Logo_WPC_France_G-2-768x287.png 768w, https:\/\/crew.worldphotographiccup.org\/france\/wp-content\/uploads\/sites\/17\/2023\/06\/Logo_WPC_France_G-2-1536x574.png 1536w, https:\/\/crew.worldphotographiccup.org\/france\/wp-content\/uploads\/sites\/17\/2023\/06\/Logo_WPC_France_G-2-2048x766.png 2048w\" sizes=\"auto, (max-width: 3692px) 100vw, 3692px\" \/><\/p>\n<\/blockquote>\n\n\n\n<p><br><br><\/p>\n","protected":false},"excerpt":{"rendered":"<p>Cr\u00e9er des amiti\u00e9s et unir les photographes professionnels du monde entier.<\/p>\n","protected":false},"author":1,"featured_media":516,"parent":0,"menu_order":0,"comment_status":"closed","ping_status":"closed","template":"","meta":{"ngg_post_thumbnail":0,"_themeisle_gutenberg_block_has_review":false,"footnotes":""},"class_list":["post-227","page","type-page","status-publish","has-post-thumbnail","hentry"],"yoast_head":"<!-- This site is optimized with the Yoast SEO plugin v27.4 - https:\/\/yoast.com\/product\/yoast-seo-wordpress\/ -->\n<title>\u00c9quipe Nationale - WPC Team FRANCE<\/title>\n<meta name=\"robots\" content=\"index, follow, max-snippet:-1, max-image-preview:large, max-video-preview:-1\" \/>\n<link rel=\"canonical\" href=\"https:\/\/crew.worldphotographiccup.org\/france\/welcome-national-crews\/\" \/>\n<meta property=\"og:locale\" content=\"en_US\" \/>\n<meta property=\"og:type\" content=\"article\" \/>\n<meta property=\"og:title\" content=\"\u00c9quipe Nationale - WPC Team FRANCE\" \/>\n<meta property=\"og:description\" content=\"Cr\u00e9er des amiti\u00e9s et unir les photographes professionnels du monde entier.\" \/>\n<meta property=\"og:url\" content=\"https:\/\/crew.worldphotographiccup.org\/france\/welcome-national-crews\/\" \/>\n<meta property=\"og:site_name\" content=\"WPC Team FRANCE\" \/>\n<meta property=\"article:modified_time\" content=\"2023-06-05T15:45:09+00:00\" \/>\n<meta property=\"og:image\" content=\"https:\/\/crew.worldphotographiccup.org\/france\/wp-content\/uploads\/sites\/17\/2023\/06\/MPPF2015-0023.jpg\" \/>\n\t<meta property=\"og:image:width\" content=\"1920\" \/>\n\t<meta property=\"og:image:height\" content=\"1920\" \/>\n\t<meta property=\"og:image:type\" content=\"image\/jpeg\" \/>\n<meta name=\"twitter:card\" content=\"summary_large_image\" \/>\n<meta name=\"twitter:label1\" content=\"Est. reading time\" \/>\n\t<meta name=\"twitter:data1\" content=\"1 minute\" \/>\n<script type=\"application\/ld+json\" class=\"yoast-schema-graph\">{\"@context\":\"https:\\\/\\\/schema.org\",\"@graph\":[{\"@type\":\"WebPage\",\"@id\":\"https:\\\/\\\/crew.worldphotographiccup.org\\\/france\\\/welcome-national-crews\\\/\",\"url\":\"https:\\\/\\\/crew.worldphotographiccup.org\\\/france\\\/welcome-national-crews\\\/\",\"name\":\"\u00c9quipe Nationale - WPC Team FRANCE\",\"isPartOf\":{\"@id\":\"https:\\\/\\\/crew.worldphotographiccup.org\\\/france\\\/#website\"},\"primaryImageOfPage\":{\"@id\":\"https:\\\/\\\/crew.worldphotographiccup.org\\\/france\\\/welcome-national-crews\\\/#primaryimage\"},\"image\":{\"@id\":\"https:\\\/\\\/crew.worldphotographiccup.org\\\/france\\\/welcome-national-crews\\\/#primaryimage\"},\"thumbnailUrl\":\"https:\\\/\\\/crew.worldphotographiccup.org\\\/france\\\/wp-content\\\/uploads\\\/sites\\\/17\\\/2023\\\/06\\\/MPPF2015-0023.jpg\",\"datePublished\":\"2023-05-18T03:06:44+00:00\",\"dateModified\":\"2023-06-05T15:45:09+00:00\",\"breadcrumb\":{\"@id\":\"https:\\\/\\\/crew.worldphotographiccup.org\\\/france\\\/welcome-national-crews\\\/#breadcrumb\"},\"inLanguage\":\"en-US\",\"potentialAction\":[{\"@type\":\"ReadAction\",\"target\":[\"https:\\\/\\\/crew.worldphotographiccup.org\\\/france\\\/welcome-national-crews\\\/\"]}]},{\"@type\":\"ImageObject\",\"inLanguage\":\"en-US\",\"@id\":\"https:\\\/\\\/crew.worldphotographiccup.org\\\/france\\\/welcome-national-crews\\\/#primaryimage\",\"url\":\"https:\\\/\\\/crew.worldphotographiccup.org\\\/france\\\/wp-content\\\/uploads\\\/sites\\\/17\\\/2023\\\/06\\\/MPPF2015-0023.jpg\",\"contentUrl\":\"https:\\\/\\\/crew.worldphotographiccup.org\\\/france\\\/wp-content\\\/uploads\\\/sites\\\/17\\\/2023\\\/06\\\/MPPF2015-0023.jpg\",\"width\":1920,\"height\":1920},{\"@type\":\"BreadcrumbList\",\"@id\":\"https:\\\/\\\/crew.worldphotographiccup.org\\\/france\\\/welcome-national-crews\\\/#breadcrumb\",\"itemListElement\":[{\"@type\":\"ListItem\",\"position\":1,\"name\":\"Home\",\"item\":\"https:\\\/\\\/crew.worldphotographiccup.org\\\/france\\\/\"},{\"@type\":\"ListItem\",\"position\":2,\"name\":\"\u00c9quipe Nationale\"}]},{\"@type\":\"WebSite\",\"@id\":\"https:\\\/\\\/crew.worldphotographiccup.org\\\/france\\\/#website\",\"url\":\"https:\\\/\\\/crew.worldphotographiccup.org\\\/france\\\/\",\"name\":\"WPC Team FRANCE\",\"description\":\"Creating Friendships and Uniting Professional Photographers World-Wide\",\"potentialAction\":[{\"@type\":\"SearchAction\",\"target\":{\"@type\":\"EntryPoint\",\"urlTemplate\":\"https:\\\/\\\/crew.worldphotographiccup.org\\\/france\\\/?s={search_term_string}\"},\"query-input\":{\"@type\":\"PropertyValueSpecification\",\"valueRequired\":true,\"valueName\":\"search_term_string\"}}],\"inLanguage\":\"en-US\"}]}<\/script>\n<!-- \/ Yoast SEO plugin. -->","yoast_head_json":{"title":"\u00c9quipe Nationale - WPC Team FRANCE","robots":{"index":"index","follow":"follow","max-snippet":"max-snippet:-1","max-image-preview":"max-image-preview:large","max-video-preview":"max-video-preview:-1"},"canonical":"https:\/\/crew.worldphotographiccup.org\/france\/welcome-national-crews\/","og_locale":"en_US","og_type":"article","og_title":"\u00c9quipe Nationale - WPC Team FRANCE","og_description":"Cr\u00e9er des amiti\u00e9s et unir les photographes professionnels du monde entier.","og_url":"https:\/\/crew.worldphotographiccup.org\/france\/welcome-national-crews\/","og_site_name":"WPC Team FRANCE","article_modified_time":"2023-06-05T15:45:09+00:00","og_image":[{"width":1920,"height":1920,"url":"https:\/\/crew.worldphotographiccup.org\/france\/wp-content\/uploads\/sites\/17\/2023\/06\/MPPF2015-0023.jpg","type":"image\/jpeg"}],"twitter_card":"summary_large_image","twitter_misc":{"Est. reading time":"1 minute"},"schema":{"@context":"https:\/\/schema.org","@graph":[{"@type":"WebPage","@id":"https:\/\/crew.worldphotographiccup.org\/france\/welcome-national-crews\/","url":"https:\/\/crew.worldphotographiccup.org\/france\/welcome-national-crews\/","name":"\u00c9quipe Nationale - WPC Team FRANCE","isPartOf":{"@id":"https:\/\/crew.worldphotographiccup.org\/france\/#website"},"primaryImageOfPage":{"@id":"https:\/\/crew.worldphotographiccup.org\/france\/welcome-national-crews\/#primaryimage"},"image":{"@id":"https:\/\/crew.worldphotographiccup.org\/france\/welcome-national-crews\/#primaryimage"},"thumbnailUrl":"https:\/\/crew.worldphotographiccup.org\/france\/wp-content\/uploads\/sites\/17\/2023\/06\/MPPF2015-0023.jpg","datePublished":"2023-05-18T03:06:44+00:00","dateModified":"2023-06-05T15:45:09+00:00","breadcrumb":{"@id":"https:\/\/crew.worldphotographiccup.org\/france\/welcome-national-crews\/#breadcrumb"},"inLanguage":"en-US","potentialAction":[{"@type":"ReadAction","target":["https:\/\/crew.worldphotographiccup.org\/france\/welcome-national-crews\/"]}]},{"@type":"ImageObject","inLanguage":"en-US","@id":"https:\/\/crew.worldphotographiccup.org\/france\/welcome-national-crews\/#primaryimage","url":"https:\/\/crew.worldphotographiccup.org\/france\/wp-content\/uploads\/sites\/17\/2023\/06\/MPPF2015-0023.jpg","contentUrl":"https:\/\/crew.worldphotographiccup.org\/france\/wp-content\/uploads\/sites\/17\/2023\/06\/MPPF2015-0023.jpg","width":1920,"height":1920},{"@type":"BreadcrumbList","@id":"https:\/\/crew.worldphotographiccup.org\/france\/welcome-national-crews\/#breadcrumb","itemListElement":[{"@type":"ListItem","position":1,"name":"Home","item":"https:\/\/crew.worldphotographiccup.org\/france\/"},{"@type":"ListItem","position":2,"name":"\u00c9quipe Nationale"}]},{"@type":"WebSite","@id":"https:\/\/crew.worldphotographiccup.org\/france\/#website","url":"https:\/\/crew.worldphotographiccup.org\/france\/","name":"WPC Team FRANCE","description":"Creating Friendships and Uniting Professional Photographers World-Wide","potentialAction":[{"@type":"SearchAction","target":{"@type":"EntryPoint","urlTemplate":"https:\/\/crew.worldphotographiccup.org\/france\/?s={search_term_string}"},"query-input":{"@type":"PropertyValueSpecification","valueRequired":true,"valueName":"search_term_string"}}],"inLanguage":"en-US"}]}},"_links":{"self":[{"href":"https:\/\/crew.worldphotographiccup.org\/france\/wp-json\/wp\/v2\/pages\/227","targetHints":{"allow":["GET"]}}],"collection":[{"href":"https:\/\/crew.worldphotographiccup.org\/france\/wp-json\/wp\/v2\/pages"}],"about":[{"href":"https:\/\/crew.worldphotographiccup.org\/france\/wp-json\/wp\/v2\/types\/page"}],"author":[{"embeddable":true,"href":"https:\/\/crew.worldphotographiccup.org\/france\/wp-json\/wp\/v2\/users\/1"}],"replies":[{"embeddable":true,"href":"https:\/\/crew.worldphotographiccup.org\/france\/wp-json\/wp\/v2\/comments?post=227"}],"version-history":[{"count":2,"href":"https:\/\/crew.worldphotographiccup.org\/france\/wp-json\/wp\/v2\/pages\/227\/revisions"}],"predecessor-version":[{"id":521,"href":"https:\/\/crew.worldphotographiccup.org\/france\/wp-json\/wp\/v2\/pages\/227\/revisions\/521"}],"wp:featuredmedia":[{"embeddable":true,"href":"https:\/\/crew.worldphotographiccup.org\/france\/wp-json\/wp\/v2\/media\/516"}],"wp:attachment":[{"href":"https:\/\/crew.worldphotographiccup.org\/france\/wp-json\/wp\/v2\/media?parent=227"}],"curies":[{"name":"wp","href":"https:\/\/api.w.org\/{rel}","templated":true}]}}